{"id":394,"date":"2026-02-02T09:25:51","date_gmt":"2026-02-02T09:25:51","guid":{"rendered":"https:\/\/www.grueneslicht.eu\/izjava-o-zastiti-podataka\/"},"modified":"2026-03-24T13:58:25","modified_gmt":"2026-03-24T13:58:25","slug":"izjava-o-zastiti-podataka","status":"publish","type":"page","link":"https:\/\/www.grueneslicht.eu\/hr\/izjava-o-zastiti-podataka\/","title":{"rendered":"Pravila o privatnosti"},"content":{"rendered":"\n<p>U sljede\u0107oj politici privatnosti obavje\u0161tavamo vas o klju\u010dnim aspektima obrade podataka u vezi s na\u0161om web-stranicom. Osobne podatke prikupljamo i obra\u0111ujemo isklju\u010divo u skladu s relevantnim zakonskim odredbama (Op\u0107a uredba o za\u0161titi podataka, Zakon o telekomunikacijama iz 2003. godine). <\/p>\n\n<p>\u010cim vi, kao korisnik, pristupite ili posjetite na\u0161u web-stranicu, bilje\u017ee se va\u0161a IP adresa te vrijeme po\u010detka i zavr\u0161etka va\u0161e sesije. To je potrebno iz tehni\u010dkih razloga i stoga predstavlja legitimni interes u smislu \u010dlanka 6. stavka 1. to\u010dke (f) GDPR-a. <\/p>\n\n<p><strong>Kontaktirajte nas<\/strong><\/p>\n\n<p>Ako nas kontaktirate putem e-po\u0161te, podaci koje nam dostavite bit \u0107e pohranjeni \u0161est mjeseci radi obrade va\u0161eg upita ili u slu\u010daju dodatnih pitanja. Ne\u0107emo proslijediti podatke koje nam dostavite bez va\u0161e suglasnosti. <\/p>\n\n<p><strong>Va\u0161a prava kao ispitanika<\/strong><\/p>\n\n<p>Kao ispitanik imate sljede\u0107a prava u vezi s va\u0161im podacima koje pohranjujemo:<\/p>\n\n<ul class=\"wp-block-list\">\n<li>Informacije<\/li>\n\n\n\n<li>Brisanje podataka<\/li>\n\n\n\n<li>Ispravak podataka<\/li>\n\n\n\n<li>Prenosivost podataka<\/li>\n\n\n\n<li>Povla\u010denje privole i prigovor na obradu podataka<\/li>\n\n\n\n<li>Ograni\u010denje<\/li>\n<\/ul>\n\n<p>Ako sumnjate da su zakoni o za\u0161titi podataka prekr\u0161eni tijekom obrade va\u0161ih podataka, imate pravo podnijeti pritu\u017ebu nama (welcome@grueneslicht.eu) ili nadle\u017enom tijelu za za\u0161titu podataka.<\/p>\n\n<p>Mo\u017eete nas kontaktirati putem sljede\u0107ih podataka:<br\/>Upravitelj web-stranice: GR\u00dcNES LICHT e.U.<br\/>Broj telefona: +43 676 775 09 63<br\/>E-Mail: <a href=\"mailto:welcome@grueneslicht.eu\">welcome@grueneslicht.eu<\/a><\/p>\n\n<p>Pravni izvor teksta: GDPR generator za za\u0161titu podataka u suradnji s prometnim pravom<\/p>\n","protected":false},"excerpt":{"rendered":"<p>U sljede\u0107oj politici privatnosti obavje\u0161tavamo vas o klju\u010dnim aspektima obrade podataka u vezi s na\u0161om web-stranicom. Osobne podatke prikupljamo i obra\u0111ujemo isklju\u010divo u skladu s relevantnim zakonskim odredbama (Op\u0107a uredba o za\u0161titi podataka, Zakon o telekomunikacijama iz 2003. godine). \u010cim vi, kao korisnik, pristupite ili posjetite na\u0161u web-stranicu, bilje\u017ee se va\u0161a IP adresa te vrijeme [&hellip;]<\/p>\n","protected":false},"author":1,"featured_media":0,"parent":0,"menu_order":0,"comment_status":"closed","ping_status":"closed","template":"","meta":{"footnotes":""},"class_list":["post-394","page","type-page","status-publish","hentry"],"yoast_head":"<!-- This site is optimized with the Yoast SEO plugin v27.5 - https:\/\/yoast.com\/product\/yoast-seo-wordpress\/ -->\n<title>Pravila o privatnosti - Gr\u00fcnes Licht<\/title>\n<meta name=\"robots\" content=\"noindex, follow\" \/>\n<meta property=\"og:locale\" content=\"hr_HR\" \/>\n<meta property=\"og:type\" content=\"article\" \/>\n<meta property=\"og:title\" content=\"Pravila o privatnosti - Gr\u00fcnes Licht\" \/>\n<meta property=\"og:description\" content=\"U sljede\u0107oj politici privatnosti obavje\u0161tavamo vas o klju\u010dnim aspektima obrade podataka u vezi s na\u0161om web-stranicom. Osobne podatke prikupljamo i obra\u0111ujemo isklju\u010divo u skladu s relevantnim zakonskim odredbama (Op\u0107a uredba o za\u0161titi podataka, Zakon o telekomunikacijama iz 2003. godine). \u010cim vi, kao korisnik, pristupite ili posjetite na\u0161u web-stranicu, bilje\u017ee se va\u0161a IP adresa te vrijeme [&hellip;]\" \/>\n<meta property=\"og:url\" content=\"https:\/\/www.grueneslicht.eu\/hr\/izjava-o-zastiti-podataka\/\" \/>\n<meta property=\"og:site_name\" content=\"Gr\u00fcnes Licht\" \/>\n<meta property=\"article:modified_time\" content=\"2026-03-24T13:58:25+00:00\" \/>\n<meta name=\"twitter:card\" content=\"summary_large_image\" \/>\n<meta name=\"twitter:label1\" content=\"Procijenjeno vrijeme \u010ditanja\" \/>\n\t<meta name=\"twitter:data1\" content=\"1 minuta\" \/>\n<script type=\"application\/ld+json\" class=\"yoast-schema-graph\">{\"@context\":\"https:\\\/\\\/schema.org\",\"@graph\":[{\"@type\":\"WebPage\",\"@id\":\"https:\\\/\\\/www.grueneslicht.eu\\\/hr\\\/izjava-o-zastiti-podataka\\\/\",\"url\":\"https:\\\/\\\/www.grueneslicht.eu\\\/hr\\\/izjava-o-zastiti-podataka\\\/\",\"name\":\"Pravila o privatnosti - Gr\u00fcnes Licht\",\"isPartOf\":{\"@id\":\"https:\\\/\\\/www.grueneslicht.eu\\\/hr\\\/#website\"},\"datePublished\":\"2026-02-02T09:25:51+00:00\",\"dateModified\":\"2026-03-24T13:58:25+00:00\",\"breadcrumb\":{\"@id\":\"https:\\\/\\\/www.grueneslicht.eu\\\/hr\\\/izjava-o-zastiti-podataka\\\/#breadcrumb\"},\"inLanguage\":\"hr\",\"potentialAction\":[{\"@type\":\"ReadAction\",\"target\":[\"https:\\\/\\\/www.grueneslicht.eu\\\/hr\\\/izjava-o-zastiti-podataka\\\/\"]}]},{\"@type\":\"BreadcrumbList\",\"@id\":\"https:\\\/\\\/www.grueneslicht.eu\\\/hr\\\/izjava-o-zastiti-podataka\\\/#breadcrumb\",\"itemListElement\":[{\"@type\":\"ListItem\",\"position\":1,\"name\":\"Home\",\"item\":\"https:\\\/\\\/www.grueneslicht.eu\\\/hr\\\/home\\\/\"},{\"@type\":\"ListItem\",\"position\":2,\"name\":\"Pravila o privatnosti\"}]},{\"@type\":\"WebSite\",\"@id\":\"https:\\\/\\\/www.grueneslicht.eu\\\/hr\\\/#website\",\"url\":\"https:\\\/\\\/www.grueneslicht.eu\\\/hr\\\/\",\"name\":\"Gr\u00fcnes Licht\",\"description\":\"\",\"publisher\":{\"@id\":\"https:\\\/\\\/www.grueneslicht.eu\\\/hr\\\/#organization\"},\"potentialAction\":[{\"@type\":\"SearchAction\",\"target\":{\"@type\":\"EntryPoint\",\"urlTemplate\":\"https:\\\/\\\/www.grueneslicht.eu\\\/hr\\\/?s={search_term_string}\"},\"query-input\":{\"@type\":\"PropertyValueSpecification\",\"valueRequired\":true,\"valueName\":\"search_term_string\"}}],\"inLanguage\":\"hr\"},{\"@type\":\"Organization\",\"@id\":\"https:\\\/\\\/www.grueneslicht.eu\\\/hr\\\/#organization\",\"name\":\"Gr\u00fcnes Licht\",\"url\":\"https:\\\/\\\/www.grueneslicht.eu\\\/hr\\\/\",\"logo\":{\"@type\":\"ImageObject\",\"inLanguage\":\"hr\",\"@id\":\"https:\\\/\\\/www.grueneslicht.eu\\\/hr\\\/#\\\/schema\\\/logo\\\/image\\\/\",\"url\":\"https:\\\/\\\/www.grueneslicht.eu\\\/wp-content\\\/uploads\\\/2026\\\/02\\\/grueneslicht-logo.svg\",\"contentUrl\":\"https:\\\/\\\/www.grueneslicht.eu\\\/wp-content\\\/uploads\\\/2026\\\/02\\\/grueneslicht-logo.svg\",\"width\":519,\"height\":164,\"caption\":\"Gr\u00fcnes Licht\"},\"image\":{\"@id\":\"https:\\\/\\\/www.grueneslicht.eu\\\/hr\\\/#\\\/schema\\\/logo\\\/image\\\/\"}}]}<\/script>\n<!-- \/ Yoast SEO plugin. -->","yoast_head_json":{"title":"Pravila o privatnosti - Gr\u00fcnes Licht","robots":{"index":"noindex","follow":"follow"},"og_locale":"hr_HR","og_type":"article","og_title":"Pravila o privatnosti - Gr\u00fcnes Licht","og_description":"U sljede\u0107oj politici privatnosti obavje\u0161tavamo vas o klju\u010dnim aspektima obrade podataka u vezi s na\u0161om web-stranicom. Osobne podatke prikupljamo i obra\u0111ujemo isklju\u010divo u skladu s relevantnim zakonskim odredbama (Op\u0107a uredba o za\u0161titi podataka, Zakon o telekomunikacijama iz 2003. godine). \u010cim vi, kao korisnik, pristupite ili posjetite na\u0161u web-stranicu, bilje\u017ee se va\u0161a IP adresa te vrijeme [&hellip;]","og_url":"https:\/\/www.grueneslicht.eu\/hr\/izjava-o-zastiti-podataka\/","og_site_name":"Gr\u00fcnes Licht","article_modified_time":"2026-03-24T13:58:25+00:00","twitter_card":"summary_large_image","twitter_misc":{"Procijenjeno vrijeme \u010ditanja":"1 minuta"},"schema":{"@context":"https:\/\/schema.org","@graph":[{"@type":"WebPage","@id":"https:\/\/www.grueneslicht.eu\/hr\/izjava-o-zastiti-podataka\/","url":"https:\/\/www.grueneslicht.eu\/hr\/izjava-o-zastiti-podataka\/","name":"Pravila o privatnosti - Gr\u00fcnes Licht","isPartOf":{"@id":"https:\/\/www.grueneslicht.eu\/hr\/#website"},"datePublished":"2026-02-02T09:25:51+00:00","dateModified":"2026-03-24T13:58:25+00:00","breadcrumb":{"@id":"https:\/\/www.grueneslicht.eu\/hr\/izjava-o-zastiti-podataka\/#breadcrumb"},"inLanguage":"hr","potentialAction":[{"@type":"ReadAction","target":["https:\/\/www.grueneslicht.eu\/hr\/izjava-o-zastiti-podataka\/"]}]},{"@type":"BreadcrumbList","@id":"https:\/\/www.grueneslicht.eu\/hr\/izjava-o-zastiti-podataka\/#breadcrumb","itemListElement":[{"@type":"ListItem","position":1,"name":"Home","item":"https:\/\/www.grueneslicht.eu\/hr\/home\/"},{"@type":"ListItem","position":2,"name":"Pravila o privatnosti"}]},{"@type":"WebSite","@id":"https:\/\/www.grueneslicht.eu\/hr\/#website","url":"https:\/\/www.grueneslicht.eu\/hr\/","name":"Gr\u00fcnes Licht","description":"","publisher":{"@id":"https:\/\/www.grueneslicht.eu\/hr\/#organization"},"potentialAction":[{"@type":"SearchAction","target":{"@type":"EntryPoint","urlTemplate":"https:\/\/www.grueneslicht.eu\/hr\/?s={search_term_string}"},"query-input":{"@type":"PropertyValueSpecification","valueRequired":true,"valueName":"search_term_string"}}],"inLanguage":"hr"},{"@type":"Organization","@id":"https:\/\/www.grueneslicht.eu\/hr\/#organization","name":"Gr\u00fcnes Licht","url":"https:\/\/www.grueneslicht.eu\/hr\/","logo":{"@type":"ImageObject","inLanguage":"hr","@id":"https:\/\/www.grueneslicht.eu\/hr\/#\/schema\/logo\/image\/","url":"https:\/\/www.grueneslicht.eu\/wp-content\/uploads\/2026\/02\/grueneslicht-logo.svg","contentUrl":"https:\/\/www.grueneslicht.eu\/wp-content\/uploads\/2026\/02\/grueneslicht-logo.svg","width":519,"height":164,"caption":"Gr\u00fcnes Licht"},"image":{"@id":"https:\/\/www.grueneslicht.eu\/hr\/#\/schema\/logo\/image\/"}}]}},"_links":{"self":[{"href":"https:\/\/www.grueneslicht.eu\/hr\/wp-json\/wp\/v2\/pages\/394","targetHints":{"allow":["GET"]}}],"collection":[{"href":"https:\/\/www.grueneslicht.eu\/hr\/wp-json\/wp\/v2\/pages"}],"about":[{"href":"https:\/\/www.grueneslicht.eu\/hr\/wp-json\/wp\/v2\/types\/page"}],"author":[{"embeddable":true,"href":"https:\/\/www.grueneslicht.eu\/hr\/wp-json\/wp\/v2\/users\/1"}],"replies":[{"embeddable":true,"href":"https:\/\/www.grueneslicht.eu\/hr\/wp-json\/wp\/v2\/comments?post=394"}],"version-history":[{"count":3,"href":"https:\/\/www.grueneslicht.eu\/hr\/wp-json\/wp\/v2\/pages\/394\/revisions"}],"predecessor-version":[{"id":410,"href":"https:\/\/www.grueneslicht.eu\/hr\/wp-json\/wp\/v2\/pages\/394\/revisions\/410"}],"wp:attachment":[{"href":"https:\/\/www.grueneslicht.eu\/hr\/wp-json\/wp\/v2\/media?parent=394"}],"curies":[{"name":"wp","href":"https:\/\/api.w.org\/{rel}","templated":true}]}}