{"id":388,"date":"2026-02-05T14:05:28","date_gmt":"2026-02-05T14:05:28","guid":{"rendered":"https:\/\/www.grueneslicht.eu\/podaci-o-izdavacu\/"},"modified":"2026-03-24T13:58:40","modified_gmt":"2026-03-24T13:58:40","slug":"podaci-o-izdavacu","status":"publish","type":"page","link":"https:\/\/www.grueneslicht.eu\/hr\/podaci-o-izdavacu\/","title":{"rendered":"Pravna napomena"},"content":{"rendered":"\n<p><strong>Upravitelj web-stranice: GR\u00dcNES LICHT e.U.<\/strong><\/p>\n\n<p>Pravni oblik: Zaregistrirani obrtnik<\/p>\n\n<p><strong>Vlasnik:<\/strong> Mag. (FH) Ivana Koch<br\/><strong>Mati\u010dni broj:<\/strong> FN 465355 x<br\/><strong>Sud trgova\u010dkog registra: <\/strong>Wien<\/p>\n\n<p>\u010clan Austrijske savezne gospodarske komore (WK\u00d6)<\/p>\n\n<p>Lokacija: AT-1070 Be\u010d<\/p>\n\n<p><strong>Kontakt podaci:<\/strong><br\/>Telefon: +43 676 775 09 63<br\/>E-mail: welcome@grueneslicht.eu<\/p>\n\n<p>Dizajn web-stranice: Grafikb\u00fcro Formgebung<\/p>\n\n<p><strong>Autorska prava:<\/strong><br\/>Sadr\u017eaj ove web-stranice za\u0161ti\u0107en je autorskim pravima. Svako kori\u0161tenje ili distribucija materijala koji je zabranjena zakonom o autorskim pravima zahtijeva pisanu suglasnost operatera web-stranice. <\/p>\n\n<p><strong>Odricanje od odgovornosti:<\/strong><br\/>Upravitelj ove web-stranice ula\u017ee najve\u0107u pa\u017enju kako bi po\u0161tovao autorska prava tre\u0107ih strana. Ipak, ako saznate za bilo kakvo kr\u0161enje autorskih prava, molimo vas da nas obavijestite. Ako saznamo za takva kr\u0161enja, odmah \u0107emo ukloniti doti\u010dni sadr\u017eaj.  <\/p>\n","protected":false},"excerpt":{"rendered":"<p>Upravitelj web-stranice: GR\u00dcNES LICHT e.U. Pravni oblik: Zaregistrirani obrtnik Vlasnik: Mag. (FH) Ivana KochMati\u010dni broj: FN 465355 xSud trgova\u010dkog registra: Wien \u010clan Austrijske savezne gospodarske komore (WK\u00d6) Lokacija: AT-1070 Be\u010d Kontakt podaci:Telefon: +43 676 775 09 63E-mail: welcome@grueneslicht.eu Dizajn web-stranice: Grafikb\u00fcro Formgebung Autorska prava:Sadr\u017eaj ove web-stranice za\u0161ti\u0107en je autorskim pravima. Svako kori\u0161tenje ili distribucija materijala [&hellip;]<\/p>\n","protected":false},"author":1,"featured_media":0,"parent":0,"menu_order":0,"comment_status":"closed","ping_status":"closed","template":"","meta":{"footnotes":""},"class_list":["post-388","page","type-page","status-publish","hentry"],"yoast_head":"<!-- This site is optimized with the Yoast SEO plugin v27.5 - https:\/\/yoast.com\/product\/yoast-seo-wordpress\/ -->\n<title>Pravna napomena - Gr\u00fcnes Licht<\/title>\n<meta name=\"robots\" content=\"noindex, follow\" \/>\n<meta property=\"og:locale\" content=\"hr_HR\" \/>\n<meta property=\"og:type\" content=\"article\" \/>\n<meta property=\"og:title\" content=\"Pravna napomena - Gr\u00fcnes Licht\" \/>\n<meta property=\"og:description\" content=\"Upravitelj web-stranice: GR\u00dcNES LICHT e.U. Pravni oblik: Zaregistrirani obrtnik Vlasnik: Mag. (FH) Ivana KochMati\u010dni broj: FN 465355 xSud trgova\u010dkog registra: Wien \u010clan Austrijske savezne gospodarske komore (WK\u00d6) Lokacija: AT-1070 Be\u010d Kontakt podaci:Telefon: +43 676 775 09 63E-mail: welcome@grueneslicht.eu Dizajn web-stranice: Grafikb\u00fcro Formgebung Autorska prava:Sadr\u017eaj ove web-stranice za\u0161ti\u0107en je autorskim pravima. Svako kori\u0161tenje ili distribucija materijala [&hellip;]\" \/>\n<meta property=\"og:url\" content=\"https:\/\/www.grueneslicht.eu\/hr\/podaci-o-izdavacu\/\" \/>\n<meta property=\"og:site_name\" content=\"Gr\u00fcnes Licht\" \/>\n<meta property=\"article:modified_time\" content=\"2026-03-24T13:58:40+00:00\" \/>\n<meta name=\"twitter:card\" content=\"summary_large_image\" \/>\n<meta name=\"twitter:label1\" content=\"Procijenjeno vrijeme \u010ditanja\" \/>\n\t<meta name=\"twitter:data1\" content=\"1 minuta\" \/>\n<script type=\"application\/ld+json\" class=\"yoast-schema-graph\">{\"@context\":\"https:\\\/\\\/schema.org\",\"@graph\":[{\"@type\":\"WebPage\",\"@id\":\"https:\\\/\\\/www.grueneslicht.eu\\\/hr\\\/podaci-o-izdavacu\\\/\",\"url\":\"https:\\\/\\\/www.grueneslicht.eu\\\/hr\\\/podaci-o-izdavacu\\\/\",\"name\":\"Pravna napomena - Gr\u00fcnes Licht\",\"isPartOf\":{\"@id\":\"https:\\\/\\\/www.grueneslicht.eu\\\/hr\\\/#website\"},\"datePublished\":\"2026-02-05T14:05:28+00:00\",\"dateModified\":\"2026-03-24T13:58:40+00:00\",\"breadcrumb\":{\"@id\":\"https:\\\/\\\/www.grueneslicht.eu\\\/hr\\\/podaci-o-izdavacu\\\/#breadcrumb\"},\"inLanguage\":\"hr\",\"potentialAction\":[{\"@type\":\"ReadAction\",\"target\":[\"https:\\\/\\\/www.grueneslicht.eu\\\/hr\\\/podaci-o-izdavacu\\\/\"]}]},{\"@type\":\"BreadcrumbList\",\"@id\":\"https:\\\/\\\/www.grueneslicht.eu\\\/hr\\\/podaci-o-izdavacu\\\/#breadcrumb\",\"itemListElement\":[{\"@type\":\"ListItem\",\"position\":1,\"name\":\"Home\",\"item\":\"https:\\\/\\\/www.grueneslicht.eu\\\/hr\\\/home\\\/\"},{\"@type\":\"ListItem\",\"position\":2,\"name\":\"Pravna napomena\"}]},{\"@type\":\"WebSite\",\"@id\":\"https:\\\/\\\/www.grueneslicht.eu\\\/hr\\\/#website\",\"url\":\"https:\\\/\\\/www.grueneslicht.eu\\\/hr\\\/\",\"name\":\"Gr\u00fcnes Licht\",\"description\":\"\",\"publisher\":{\"@id\":\"https:\\\/\\\/www.grueneslicht.eu\\\/hr\\\/#organization\"},\"potentialAction\":[{\"@type\":\"SearchAction\",\"target\":{\"@type\":\"EntryPoint\",\"urlTemplate\":\"https:\\\/\\\/www.grueneslicht.eu\\\/hr\\\/?s={search_term_string}\"},\"query-input\":{\"@type\":\"PropertyValueSpecification\",\"valueRequired\":true,\"valueName\":\"search_term_string\"}}],\"inLanguage\":\"hr\"},{\"@type\":\"Organization\",\"@id\":\"https:\\\/\\\/www.grueneslicht.eu\\\/hr\\\/#organization\",\"name\":\"Gr\u00fcnes Licht\",\"url\":\"https:\\\/\\\/www.grueneslicht.eu\\\/hr\\\/\",\"logo\":{\"@type\":\"ImageObject\",\"inLanguage\":\"hr\",\"@id\":\"https:\\\/\\\/www.grueneslicht.eu\\\/hr\\\/#\\\/schema\\\/logo\\\/image\\\/\",\"url\":\"https:\\\/\\\/www.grueneslicht.eu\\\/wp-content\\\/uploads\\\/2026\\\/02\\\/grueneslicht-logo.svg\",\"contentUrl\":\"https:\\\/\\\/www.grueneslicht.eu\\\/wp-content\\\/uploads\\\/2026\\\/02\\\/grueneslicht-logo.svg\",\"width\":519,\"height\":164,\"caption\":\"Gr\u00fcnes Licht\"},\"image\":{\"@id\":\"https:\\\/\\\/www.grueneslicht.eu\\\/hr\\\/#\\\/schema\\\/logo\\\/image\\\/\"}}]}<\/script>\n<!-- \/ Yoast SEO plugin. -->","yoast_head_json":{"title":"Pravna napomena - Gr\u00fcnes Licht","robots":{"index":"noindex","follow":"follow"},"og_locale":"hr_HR","og_type":"article","og_title":"Pravna napomena - Gr\u00fcnes Licht","og_description":"Upravitelj web-stranice: GR\u00dcNES LICHT e.U. Pravni oblik: Zaregistrirani obrtnik Vlasnik: Mag. (FH) Ivana KochMati\u010dni broj: FN 465355 xSud trgova\u010dkog registra: Wien \u010clan Austrijske savezne gospodarske komore (WK\u00d6) Lokacija: AT-1070 Be\u010d Kontakt podaci:Telefon: +43 676 775 09 63E-mail: welcome@grueneslicht.eu Dizajn web-stranice: Grafikb\u00fcro Formgebung Autorska prava:Sadr\u017eaj ove web-stranice za\u0161ti\u0107en je autorskim pravima. Svako kori\u0161tenje ili distribucija materijala [&hellip;]","og_url":"https:\/\/www.grueneslicht.eu\/hr\/podaci-o-izdavacu\/","og_site_name":"Gr\u00fcnes Licht","article_modified_time":"2026-03-24T13:58:40+00:00","twitter_card":"summary_large_image","twitter_misc":{"Procijenjeno vrijeme \u010ditanja":"1 minuta"},"schema":{"@context":"https:\/\/schema.org","@graph":[{"@type":"WebPage","@id":"https:\/\/www.grueneslicht.eu\/hr\/podaci-o-izdavacu\/","url":"https:\/\/www.grueneslicht.eu\/hr\/podaci-o-izdavacu\/","name":"Pravna napomena - Gr\u00fcnes Licht","isPartOf":{"@id":"https:\/\/www.grueneslicht.eu\/hr\/#website"},"datePublished":"2026-02-05T14:05:28+00:00","dateModified":"2026-03-24T13:58:40+00:00","breadcrumb":{"@id":"https:\/\/www.grueneslicht.eu\/hr\/podaci-o-izdavacu\/#breadcrumb"},"inLanguage":"hr","potentialAction":[{"@type":"ReadAction","target":["https:\/\/www.grueneslicht.eu\/hr\/podaci-o-izdavacu\/"]}]},{"@type":"BreadcrumbList","@id":"https:\/\/www.grueneslicht.eu\/hr\/podaci-o-izdavacu\/#breadcrumb","itemListElement":[{"@type":"ListItem","position":1,"name":"Home","item":"https:\/\/www.grueneslicht.eu\/hr\/home\/"},{"@type":"ListItem","position":2,"name":"Pravna napomena"}]},{"@type":"WebSite","@id":"https:\/\/www.grueneslicht.eu\/hr\/#website","url":"https:\/\/www.grueneslicht.eu\/hr\/","name":"Gr\u00fcnes Licht","description":"","publisher":{"@id":"https:\/\/www.grueneslicht.eu\/hr\/#organization"},"potentialAction":[{"@type":"SearchAction","target":{"@type":"EntryPoint","urlTemplate":"https:\/\/www.grueneslicht.eu\/hr\/?s={search_term_string}"},"query-input":{"@type":"PropertyValueSpecification","valueRequired":true,"valueName":"search_term_string"}}],"inLanguage":"hr"},{"@type":"Organization","@id":"https:\/\/www.grueneslicht.eu\/hr\/#organization","name":"Gr\u00fcnes Licht","url":"https:\/\/www.grueneslicht.eu\/hr\/","logo":{"@type":"ImageObject","inLanguage":"hr","@id":"https:\/\/www.grueneslicht.eu\/hr\/#\/schema\/logo\/image\/","url":"https:\/\/www.grueneslicht.eu\/wp-content\/uploads\/2026\/02\/grueneslicht-logo.svg","contentUrl":"https:\/\/www.grueneslicht.eu\/wp-content\/uploads\/2026\/02\/grueneslicht-logo.svg","width":519,"height":164,"caption":"Gr\u00fcnes Licht"},"image":{"@id":"https:\/\/www.grueneslicht.eu\/hr\/#\/schema\/logo\/image\/"}}]}},"_links":{"self":[{"href":"https:\/\/www.grueneslicht.eu\/hr\/wp-json\/wp\/v2\/pages\/388","targetHints":{"allow":["GET"]}}],"collection":[{"href":"https:\/\/www.grueneslicht.eu\/hr\/wp-json\/wp\/v2\/pages"}],"about":[{"href":"https:\/\/www.grueneslicht.eu\/hr\/wp-json\/wp\/v2\/types\/page"}],"author":[{"embeddable":true,"href":"https:\/\/www.grueneslicht.eu\/hr\/wp-json\/wp\/v2\/users\/1"}],"replies":[{"embeddable":true,"href":"https:\/\/www.grueneslicht.eu\/hr\/wp-json\/wp\/v2\/comments?post=388"}],"version-history":[{"count":5,"href":"https:\/\/www.grueneslicht.eu\/hr\/wp-json\/wp\/v2\/pages\/388\/revisions"}],"predecessor-version":[{"id":429,"href":"https:\/\/www.grueneslicht.eu\/hr\/wp-json\/wp\/v2\/pages\/388\/revisions\/429"}],"wp:attachment":[{"href":"https:\/\/www.grueneslicht.eu\/hr\/wp-json\/wp\/v2\/media?parent=388"}],"curies":[{"name":"wp","href":"https:\/\/api.w.org\/{rel}","templated":true}]}}