{"id":372,"date":"2026-02-02T10:37:22","date_gmt":"2026-02-02T10:37:22","guid":{"rendered":"https:\/\/www.grueneslicht.eu\/home\/"},"modified":"2026-03-24T14:05:18","modified_gmt":"2026-03-24T14:05:18","slug":"home","status":"publish","type":"page","link":"https:\/\/www.grueneslicht.eu\/hr\/","title":{"rendered":"Home"},"content":{"rendered":"","protected":false},"excerpt":{"rendered":"","protected":false},"author":1,"featured_media":0,"parent":0,"menu_order":0,"comment_status":"closed","ping_status":"closed","template":"","meta":{"footnotes":""},"class_list":["post-372","page","type-page","status-publish","hentry"],"yoast_head":"<!-- This site is optimized with the Yoast SEO plugin v27.4 - https:\/\/yoast.com\/product\/yoast-seo-wordpress\/ -->\n<title>Gr\u00fcnes Licht<\/title>\n<meta name=\"description\" content=\"Odr\u017eivi marketing za odgovorne tvrtke. GR\u00dcNES LICHT razvija strategije brenda, marketing koncepte i mjerljiva rje\u0161enja za rast poslovanja.\" \/>\n<meta name=\"robots\" content=\"index, follow, max-snippet:-1, max-image-preview:large, max-video-preview:-1\" \/>\n<link rel=\"canonical\" href=\"https:\/\/www.grueneslicht.eu\/hr\/\" \/>\n<meta property=\"og:locale\" content=\"hr_HR\" \/>\n<meta property=\"og:type\" content=\"article\" \/>\n<meta property=\"og:title\" content=\"Gr\u00fcnes Licht\" \/>\n<meta property=\"og:description\" content=\"Odr\u017eivi marketing za odgovorne tvrtke. GR\u00dcNES LICHT razvija strategije brenda, marketing koncepte i mjerljiva rje\u0161enja za rast poslovanja.\" \/>\n<meta property=\"og:url\" content=\"https:\/\/www.grueneslicht.eu\/hr\/\" \/>\n<meta property=\"og:site_name\" content=\"Gr\u00fcnes Licht\" \/>\n<meta property=\"article:modified_time\" content=\"2026-03-24T14:05:18+00:00\" \/>\n<meta name=\"twitter:card\" content=\"summary_large_image\" \/>\n<script type=\"application\/ld+json\" class=\"yoast-schema-graph\">{\"@context\":\"https:\\\/\\\/schema.org\",\"@graph\":[{\"@type\":\"WebPage\",\"@id\":\"https:\\\/\\\/www.grueneslicht.eu\\\/hr\\\/\",\"url\":\"https:\\\/\\\/www.grueneslicht.eu\\\/hr\\\/\",\"name\":\"Gr\u00fcnes Licht\",\"isPartOf\":{\"@id\":\"https:\\\/\\\/www.grueneslicht.eu\\\/hr\\\/#website\"},\"datePublished\":\"2026-02-02T10:37:22+00:00\",\"dateModified\":\"2026-03-24T14:05:18+00:00\",\"description\":\"Odr\u017eivi marketing za odgovorne tvrtke. GR\u00dcNES LICHT razvija strategije brenda, marketing koncepte i mjerljiva rje\u0161enja za rast poslovanja.\",\"breadcrumb\":{\"@id\":\"https:\\\/\\\/www.grueneslicht.eu\\\/hr\\\/#breadcrumb\"},\"inLanguage\":\"hr\",\"potentialAction\":[{\"@type\":\"ReadAction\",\"target\":[\"https:\\\/\\\/www.grueneslicht.eu\\\/hr\\\/\"]}]},{\"@type\":\"BreadcrumbList\",\"@id\":\"https:\\\/\\\/www.grueneslicht.eu\\\/hr\\\/#breadcrumb\",\"itemListElement\":[{\"@type\":\"ListItem\",\"position\":1,\"name\":\"Home\",\"item\":\"https:\\\/\\\/www.grueneslicht.eu\\\/hr\\\/home\\\/\"},{\"@type\":\"ListItem\",\"position\":2,\"name\":\"Home\"}]},{\"@type\":\"WebSite\",\"@id\":\"https:\\\/\\\/www.grueneslicht.eu\\\/hr\\\/#website\",\"url\":\"https:\\\/\\\/www.grueneslicht.eu\\\/hr\\\/\",\"name\":\"Gr\u00fcnes Licht\",\"description\":\"\",\"publisher\":{\"@id\":\"https:\\\/\\\/www.grueneslicht.eu\\\/hr\\\/#organization\"},\"potentialAction\":[{\"@type\":\"SearchAction\",\"target\":{\"@type\":\"EntryPoint\",\"urlTemplate\":\"https:\\\/\\\/www.grueneslicht.eu\\\/hr\\\/?s={search_term_string}\"},\"query-input\":{\"@type\":\"PropertyValueSpecification\",\"valueRequired\":true,\"valueName\":\"search_term_string\"}}],\"inLanguage\":\"hr\"},{\"@type\":\"Organization\",\"@id\":\"https:\\\/\\\/www.grueneslicht.eu\\\/hr\\\/#organization\",\"name\":\"Gr\u00fcnes Licht\",\"url\":\"https:\\\/\\\/www.grueneslicht.eu\\\/hr\\\/\",\"logo\":{\"@type\":\"ImageObject\",\"inLanguage\":\"hr\",\"@id\":\"https:\\\/\\\/www.grueneslicht.eu\\\/hr\\\/#\\\/schema\\\/logo\\\/image\\\/\",\"url\":\"https:\\\/\\\/www.grueneslicht.eu\\\/wp-content\\\/uploads\\\/2026\\\/02\\\/grueneslicht-logo.svg\",\"contentUrl\":\"https:\\\/\\\/www.grueneslicht.eu\\\/wp-content\\\/uploads\\\/2026\\\/02\\\/grueneslicht-logo.svg\",\"width\":519,\"height\":164,\"caption\":\"Gr\u00fcnes Licht\"},\"image\":{\"@id\":\"https:\\\/\\\/www.grueneslicht.eu\\\/hr\\\/#\\\/schema\\\/logo\\\/image\\\/\"}}]}<\/script>\n<!-- \/ Yoast SEO plugin. -->","yoast_head_json":{"title":"Gr\u00fcnes Licht","description":"Odr\u017eivi marketing za odgovorne tvrtke. GR\u00dcNES LICHT razvija strategije brenda, marketing koncepte i mjerljiva rje\u0161enja za rast poslovanja.","robots":{"index":"index","follow":"follow","max-snippet":"max-snippet:-1","max-image-preview":"max-image-preview:large","max-video-preview":"max-video-preview:-1"},"canonical":"https:\/\/www.grueneslicht.eu\/hr\/","og_locale":"hr_HR","og_type":"article","og_title":"Gr\u00fcnes Licht","og_description":"Odr\u017eivi marketing za odgovorne tvrtke. GR\u00dcNES LICHT razvija strategije brenda, marketing koncepte i mjerljiva rje\u0161enja za rast poslovanja.","og_url":"https:\/\/www.grueneslicht.eu\/hr\/","og_site_name":"Gr\u00fcnes Licht","article_modified_time":"2026-03-24T14:05:18+00:00","twitter_card":"summary_large_image","schema":{"@context":"https:\/\/schema.org","@graph":[{"@type":"WebPage","@id":"https:\/\/www.grueneslicht.eu\/hr\/","url":"https:\/\/www.grueneslicht.eu\/hr\/","name":"Gr\u00fcnes Licht","isPartOf":{"@id":"https:\/\/www.grueneslicht.eu\/hr\/#website"},"datePublished":"2026-02-02T10:37:22+00:00","dateModified":"2026-03-24T14:05:18+00:00","description":"Odr\u017eivi marketing za odgovorne tvrtke. GR\u00dcNES LICHT razvija strategije brenda, marketing koncepte i mjerljiva rje\u0161enja za rast poslovanja.","breadcrumb":{"@id":"https:\/\/www.grueneslicht.eu\/hr\/#breadcrumb"},"inLanguage":"hr","potentialAction":[{"@type":"ReadAction","target":["https:\/\/www.grueneslicht.eu\/hr\/"]}]},{"@type":"BreadcrumbList","@id":"https:\/\/www.grueneslicht.eu\/hr\/#breadcrumb","itemListElement":[{"@type":"ListItem","position":1,"name":"Home","item":"https:\/\/www.grueneslicht.eu\/hr\/home\/"},{"@type":"ListItem","position":2,"name":"Home"}]},{"@type":"WebSite","@id":"https:\/\/www.grueneslicht.eu\/hr\/#website","url":"https:\/\/www.grueneslicht.eu\/hr\/","name":"Gr\u00fcnes Licht","description":"","publisher":{"@id":"https:\/\/www.grueneslicht.eu\/hr\/#organization"},"potentialAction":[{"@type":"SearchAction","target":{"@type":"EntryPoint","urlTemplate":"https:\/\/www.grueneslicht.eu\/hr\/?s={search_term_string}"},"query-input":{"@type":"PropertyValueSpecification","valueRequired":true,"valueName":"search_term_string"}}],"inLanguage":"hr"},{"@type":"Organization","@id":"https:\/\/www.grueneslicht.eu\/hr\/#organization","name":"Gr\u00fcnes Licht","url":"https:\/\/www.grueneslicht.eu\/hr\/","logo":{"@type":"ImageObject","inLanguage":"hr","@id":"https:\/\/www.grueneslicht.eu\/hr\/#\/schema\/logo\/image\/","url":"https:\/\/www.grueneslicht.eu\/wp-content\/uploads\/2026\/02\/grueneslicht-logo.svg","contentUrl":"https:\/\/www.grueneslicht.eu\/wp-content\/uploads\/2026\/02\/grueneslicht-logo.svg","width":519,"height":164,"caption":"Gr\u00fcnes Licht"},"image":{"@id":"https:\/\/www.grueneslicht.eu\/hr\/#\/schema\/logo\/image\/"}}]}},"_links":{"self":[{"href":"https:\/\/www.grueneslicht.eu\/hr\/wp-json\/wp\/v2\/pages\/372","targetHints":{"allow":["GET"]}}],"collection":[{"href":"https:\/\/www.grueneslicht.eu\/hr\/wp-json\/wp\/v2\/pages"}],"about":[{"href":"https:\/\/www.grueneslicht.eu\/hr\/wp-json\/wp\/v2\/types\/page"}],"author":[{"embeddable":true,"href":"https:\/\/www.grueneslicht.eu\/hr\/wp-json\/wp\/v2\/users\/1"}],"replies":[{"embeddable":true,"href":"https:\/\/www.grueneslicht.eu\/hr\/wp-json\/wp\/v2\/comments?post=372"}],"version-history":[{"count":1,"href":"https:\/\/www.grueneslicht.eu\/hr\/wp-json\/wp\/v2\/pages\/372\/revisions"}],"predecessor-version":[{"id":400,"href":"https:\/\/www.grueneslicht.eu\/hr\/wp-json\/wp\/v2\/pages\/372\/revisions\/400"}],"wp:attachment":[{"href":"https:\/\/www.grueneslicht.eu\/hr\/wp-json\/wp\/v2\/media?parent=372"}],"curies":[{"name":"wp","href":"https:\/\/api.w.org\/{rel}","templated":true}]}}